{"id":2,"date":"2020-04-25T11:15:02","date_gmt":"2020-04-25T11:15:02","guid":{"rendered":"http:\/\/joapen.com\/dream\/?page_id=2"},"modified":"2021-04-12T08:00:22","modified_gmt":"2021-04-12T08:00:22","slug":"objetivo-dream","status":"publish","type":"page","link":"http:\/\/joapen.com\/dream\/objetivo-dream\/","title":{"rendered":"Objetivo del m\u00e9todo DREAM"},"content":{"rendered":"\n<p><strong>En este sitio podr\u00e1s encontrar ESQUEMAS y RUTINAS para cuidar de tu AHORRO e INVERSI\u00d3N<\/strong><\/p>\n\n\n\n<p class=\"has-medium-font-size\">\u00bfC\u00f3mo?<\/p>\n\n\n\n<p>Pues con la ayuda de herramientas, trucos, rutinas, etc. que permitan trabajar algo en concreto o mejorar la perspectiva de trabajo de alguien que est\u00e1 tratando de ahorrar e invertir en acciones y no es un experto en la materia.<\/p>\n\n\n\n<p>DREAM es un marco de trabajo que ayuda a hacer crecer el conocimiento del lector en la inversi\u00f3n en bolsa. Sus pilares son: Define, rel\u00e1jate, ejecuta, analiza y mejora.<\/p>\n\n\n\n<p class=\"has-medium-font-size\">\u00bfQu\u00e9 no es DREAM?<\/p>\n\n\n\n<p>Este sitio no pretende establecer un m\u00e9todo de inversi\u00f3n, al contrario, lo que trata es de ofrecer de herramientas  para que cada uno se construya de su m\u00e9todo a medida, ya que este m\u00e9todo depende de muchas cosas:<\/p>\n\n\n\n<ul class=\"wp-block-list\"><li>Edad,<\/li><li>Grado de aversi\u00f3n al riesgo,<\/li><li>C\u00edrculo de competencia,<\/li><li>Pa\u00eds donde se reside,<\/li><li>Capacidad de ahorro,<\/li><li>Capacidad de acceder a empresas<\/li><li>Y otros aspectos m\u00e1s.<\/li><\/ul>\n\n\n\n<p><\/p>\n","protected":false},"excerpt":{"rendered":"<p>En este sitio podr\u00e1s encontrar ESQUEMAS y RUTINAS para cuidar de tu AHORRO e INVERSI\u00d3N&#8230;<\/p>\n","protected":false},"author":2,"featured_media":0,"parent":0,"menu_order":0,"comment_status":"closed","ping_status":"closed","template":"","meta":{"footnotes":""},"class_list":["post-2","page","type-page","status-publish","hentry"],"yoast_head":"<!-- This site is optimized with the Yoast SEO plugin v27.5 - https:\/\/yoast.com\/product\/yoast-seo-wordpress\/ -->\n<title>Objetivo del m\u00e9todo DREAM -<\/title>\n<meta name=\"description\" content=\"En este sitio podr\u00e1s encontrar ESQUEMAS y RUTINAS para cuidar de tu AHORRO e INVERSI\u00d3N \u00bfC\u00f3mo? Pues con la ayuda de herramientas, trucos, rutinas, etc. que -\" \/>\n<meta name=\"robots\" content=\"index, follow, max-snippet:-1, max-image-preview:large, max-video-preview:-1\" \/>\n<link rel=\"canonical\" href=\"http:\/\/joapen.com\/dream\/objetivo-dream\/\" \/>\n<meta property=\"og:locale\" content=\"es_ES\" \/>\n<meta property=\"og:type\" content=\"article\" \/>\n<meta property=\"og:title\" content=\"Objetivo del m\u00e9todo DREAM -\" \/>\n<meta property=\"og:description\" content=\"En este sitio podr\u00e1s encontrar ESQUEMAS y RUTINAS para cuidar de tu AHORRO e INVERSI\u00d3N \u00bfC\u00f3mo? Pues con la ayuda de herramientas, trucos, rutinas, etc. que -\" \/>\n<meta property=\"og:url\" content=\"http:\/\/joapen.com\/dream\/objetivo-dream\/\" \/>\n<meta property=\"article:modified_time\" content=\"2021-04-12T08:00:22+00:00\" \/>\n<meta name=\"twitter:card\" content=\"summary_large_image\" \/>\n<script type=\"application\/ld+json\" class=\"yoast-schema-graph\">{\"@context\":\"https:\\\/\\\/schema.org\",\"@graph\":[{\"@type\":\"WebPage\",\"@id\":\"http:\\\/\\\/joapen.com\\\/dream\\\/objetivo-dream\\\/\",\"url\":\"http:\\\/\\\/joapen.com\\\/dream\\\/objetivo-dream\\\/\",\"name\":\"Objetivo del m\u00e9todo DREAM -\",\"isPartOf\":{\"@id\":\"https:\\\/\\\/joapen.com\\\/dream\\\/#website\"},\"datePublished\":\"2020-04-25T11:15:02+00:00\",\"dateModified\":\"2021-04-12T08:00:22+00:00\",\"description\":\"En este sitio podr\u00e1s encontrar ESQUEMAS y RUTINAS para cuidar de tu AHORRO e INVERSI\u00d3N \u00bfC\u00f3mo? Pues con la ayuda de herramientas, trucos, rutinas, etc. que -\",\"breadcrumb\":{\"@id\":\"http:\\\/\\\/joapen.com\\\/dream\\\/objetivo-dream\\\/#breadcrumb\"},\"inLanguage\":\"es\",\"potentialAction\":[{\"@type\":\"ReadAction\",\"target\":[\"http:\\\/\\\/joapen.com\\\/dream\\\/objetivo-dream\\\/\"]}]},{\"@type\":\"BreadcrumbList\",\"@id\":\"http:\\\/\\\/joapen.com\\\/dream\\\/objetivo-dream\\\/#breadcrumb\",\"itemListElement\":[{\"@type\":\"ListItem\",\"position\":1,\"name\":\"Portada\",\"item\":\"https:\\\/\\\/joapen.com\\\/dream\\\/\"},{\"@type\":\"ListItem\",\"position\":2,\"name\":\"Objetivo del m\u00e9todo DREAM\"}]},{\"@type\":\"WebSite\",\"@id\":\"https:\\\/\\\/joapen.com\\\/dream\\\/#website\",\"url\":\"https:\\\/\\\/joapen.com\\\/dream\\\/\",\"name\":\"DREAM\",\"description\":\"\",\"publisher\":{\"@id\":\"https:\\\/\\\/joapen.com\\\/dream\\\/#\\\/schema\\\/person\\\/7953b6b38ddc1a8c7faf1c99605d9dfe\"},\"potentialAction\":[{\"@type\":\"SearchAction\",\"target\":{\"@type\":\"EntryPoint\",\"urlTemplate\":\"https:\\\/\\\/joapen.com\\\/dream\\\/?s={search_term_string}\"},\"query-input\":{\"@type\":\"PropertyValueSpecification\",\"valueRequired\":true,\"valueName\":\"search_term_string\"}}],\"inLanguage\":\"es\"},{\"@type\":[\"Person\",\"Organization\"],\"@id\":\"https:\\\/\\\/joapen.com\\\/dream\\\/#\\\/schema\\\/person\\\/7953b6b38ddc1a8c7faf1c99605d9dfe\",\"name\":\"dreamer\",\"image\":{\"@type\":\"ImageObject\",\"inLanguage\":\"es\",\"@id\":\"https:\\\/\\\/joapen.com\\\/dream\\\/wp-content\\\/uploads\\\/2021\\\/03\\\/joapen-icon.jpeg\",\"url\":\"https:\\\/\\\/joapen.com\\\/dream\\\/wp-content\\\/uploads\\\/2021\\\/03\\\/joapen-icon.jpeg\",\"contentUrl\":\"https:\\\/\\\/joapen.com\\\/dream\\\/wp-content\\\/uploads\\\/2021\\\/03\\\/joapen-icon.jpeg\",\"width\":96,\"height\":96,\"caption\":\"dreamer\"},\"logo\":{\"@id\":\"https:\\\/\\\/joapen.com\\\/dream\\\/wp-content\\\/uploads\\\/2021\\\/03\\\/joapen-icon.jpeg\"},\"sameAs\":[\"http:\\\/\\\/joapen.com\\\/dream\\\/\"]}]}<\/script>\n<!-- \/ Yoast SEO plugin. -->","yoast_head_json":{"title":"Objetivo del m\u00e9todo DREAM -","description":"En este sitio podr\u00e1s encontrar ESQUEMAS y RUTINAS para cuidar de tu AHORRO e INVERSI\u00d3N \u00bfC\u00f3mo? Pues con la ayuda de herramientas, trucos, rutinas, etc. que -","robots":{"index":"index","follow":"follow","max-snippet":"max-snippet:-1","max-image-preview":"max-image-preview:large","max-video-preview":"max-video-preview:-1"},"canonical":"http:\/\/joapen.com\/dream\/objetivo-dream\/","og_locale":"es_ES","og_type":"article","og_title":"Objetivo del m\u00e9todo DREAM -","og_description":"En este sitio podr\u00e1s encontrar ESQUEMAS y RUTINAS para cuidar de tu AHORRO e INVERSI\u00d3N \u00bfC\u00f3mo? Pues con la ayuda de herramientas, trucos, rutinas, etc. que -","og_url":"http:\/\/joapen.com\/dream\/objetivo-dream\/","article_modified_time":"2021-04-12T08:00:22+00:00","twitter_card":"summary_large_image","schema":{"@context":"https:\/\/schema.org","@graph":[{"@type":"WebPage","@id":"http:\/\/joapen.com\/dream\/objetivo-dream\/","url":"http:\/\/joapen.com\/dream\/objetivo-dream\/","name":"Objetivo del m\u00e9todo DREAM -","isPartOf":{"@id":"https:\/\/joapen.com\/dream\/#website"},"datePublished":"2020-04-25T11:15:02+00:00","dateModified":"2021-04-12T08:00:22+00:00","description":"En este sitio podr\u00e1s encontrar ESQUEMAS y RUTINAS para cuidar de tu AHORRO e INVERSI\u00d3N \u00bfC\u00f3mo? Pues con la ayuda de herramientas, trucos, rutinas, etc. que -","breadcrumb":{"@id":"http:\/\/joapen.com\/dream\/objetivo-dream\/#breadcrumb"},"inLanguage":"es","potentialAction":[{"@type":"ReadAction","target":["http:\/\/joapen.com\/dream\/objetivo-dream\/"]}]},{"@type":"BreadcrumbList","@id":"http:\/\/joapen.com\/dream\/objetivo-dream\/#breadcrumb","itemListElement":[{"@type":"ListItem","position":1,"name":"Portada","item":"https:\/\/joapen.com\/dream\/"},{"@type":"ListItem","position":2,"name":"Objetivo del m\u00e9todo DREAM"}]},{"@type":"WebSite","@id":"https:\/\/joapen.com\/dream\/#website","url":"https:\/\/joapen.com\/dream\/","name":"DREAM","description":"","publisher":{"@id":"https:\/\/joapen.com\/dream\/#\/schema\/person\/7953b6b38ddc1a8c7faf1c99605d9dfe"},"potentialAction":[{"@type":"SearchAction","target":{"@type":"EntryPoint","urlTemplate":"https:\/\/joapen.com\/dream\/?s={search_term_string}"},"query-input":{"@type":"PropertyValueSpecification","valueRequired":true,"valueName":"search_term_string"}}],"inLanguage":"es"},{"@type":["Person","Organization"],"@id":"https:\/\/joapen.com\/dream\/#\/schema\/person\/7953b6b38ddc1a8c7faf1c99605d9dfe","name":"dreamer","image":{"@type":"ImageObject","inLanguage":"es","@id":"https:\/\/joapen.com\/dream\/wp-content\/uploads\/2021\/03\/joapen-icon.jpeg","url":"https:\/\/joapen.com\/dream\/wp-content\/uploads\/2021\/03\/joapen-icon.jpeg","contentUrl":"https:\/\/joapen.com\/dream\/wp-content\/uploads\/2021\/03\/joapen-icon.jpeg","width":96,"height":96,"caption":"dreamer"},"logo":{"@id":"https:\/\/joapen.com\/dream\/wp-content\/uploads\/2021\/03\/joapen-icon.jpeg"},"sameAs":["http:\/\/joapen.com\/dream\/"]}]}},"_links":{"self":[{"href":"http:\/\/joapen.com\/dream\/wp-json\/wp\/v2\/pages\/2","targetHints":{"allow":["GET"]}}],"collection":[{"href":"http:\/\/joapen.com\/dream\/wp-json\/wp\/v2\/pages"}],"about":[{"href":"http:\/\/joapen.com\/dream\/wp-json\/wp\/v2\/types\/page"}],"author":[{"embeddable":true,"href":"http:\/\/joapen.com\/dream\/wp-json\/wp\/v2\/users\/2"}],"replies":[{"embeddable":true,"href":"http:\/\/joapen.com\/dream\/wp-json\/wp\/v2\/comments?post=2"}],"version-history":[{"count":4,"href":"http:\/\/joapen.com\/dream\/wp-json\/wp\/v2\/pages\/2\/revisions"}],"predecessor-version":[{"id":852,"href":"http:\/\/joapen.com\/dream\/wp-json\/wp\/v2\/pages\/2\/revisions\/852"}],"wp:attachment":[{"href":"http:\/\/joapen.com\/dream\/wp-json\/wp\/v2\/media?parent=2"}],"curies":[{"name":"wp","href":"https:\/\/api.w.org\/{rel}","templated":true}]}}