{"id":260,"date":"2020-04-28T14:58:21","date_gmt":"2020-04-28T14:58:21","guid":{"rendered":"http:\/\/joapen.com\/dream\/?page_id=260"},"modified":"2021-04-12T08:02:01","modified_gmt":"2021-04-12T08:02:01","slug":"contacto","status":"publish","type":"page","link":"https:\/\/joapen.com\/dream\/contacto\/","title":{"rendered":"Contacto"},"content":{"rendered":"\n<p>\u00bfQu\u00e9 necesitas?.<\/p>\n\n\n\n<p>Si ten\u00e9is alguna sugerencia o mejora, tambi\u00e9n es bienvenida.<\/p>\n\n\n<div class=\"everest-forms\"><div class=\"evf-container default\" id=\"evf-263\"><form id=\"evf-form-263\" class=\"everest-form\" data-formid=\"263\" data-ajax_submission=\"0\" data-keyboard_friendly_form=\"0\" data-form_state_type=\"\" method=\"post\" enctype=\"multipart\/form-data\" action=\"\/dream\/wp-json\/wp\/v2\/pages\/260\"><div class=\"evf-field-container\"><input type=\"hidden\" id=\"_wpnonce263\" name=\"_wpnonce263\" value=\"cc20968dca\" \/><input type=\"hidden\" name=\"_wp_http_referer\" value=\"\/dream\/wp-json\/wp\/v2\/pages\/260\" \/><div class=\"evf-frontend-row\" data-row=\"row_1\" conditional_rules=\"[]\"><div class=\"evf-frontend-grid evf-grid-1\" data-grid=\"grid_1\"><div id=\"evf-263-field_ys0GeZISRs-1-container\" class=\"evf-field evf-field-first-name form-row validate-required\" data-required-field-message=\"Este campo es obligatorio.\" data-field-id=\"ys0GeZISRs-1\"><label class=\"evf-field-label\" for=\"evf-263-field_ys0GeZISRs-1\"><span class=\"evf-label\">Nombre<\/span> <abbr class=\"required\" title=\"Obligatorio\">*<\/abbr><\/label><input type=\"text\" id=\"evf-263-field_ys0GeZISRs-1\" class=\"input-text\" name=\"everest_forms[form_fields][ys0GeZISRs-1]\" required><\/div><div id=\"evf-263-field_LbH5NxasXM-2-container\" class=\"evf-field evf-field-email form-row validate-required validate-email\" data-required-field-message=\"Por favor, usa una direcci\u00f3n de correo electr\u00f3nico v\u00e1lida.\" data-field-id=\"LbH5NxasXM-2\"><label class=\"evf-field-label\" for=\"evf-263-field_LbH5NxasXM-2\"><span class=\"evf-label\">Correo electr\u00f3nico<\/span> <abbr class=\"required\" title=\"Obligatorio\">*<\/abbr><\/label><input type=\"email\" id=\"evf-263-field_LbH5NxasXM-2\" class=\"input-text\" name=\"everest_forms[form_fields][LbH5NxasXM-2]\" required ><\/div><div id=\"evf-263-field_66FR384cge-3-container\" class=\"evf-field evf-field-text form-row\" data-field-id=\"66FR384cge-3\"><label class=\"evf-field-label\" for=\"evf-263-field_66FR384cge-3\"><span class=\"evf-label\">Asunto<\/span> <\/label><input type=\"text\" id=\"evf-263-field_66FR384cge-3\" class=\"input-text\" name=\"everest_forms[form_fields][66FR384cge-3]\" ><\/div><div id=\"evf-263-field_yhGx3FOwr2-4-container\" class=\"evf-field evf-field-textarea form-row\" data-field-id=\"yhGx3FOwr2-4\"><label class=\"evf-field-label\" for=\"evf-263-field_yhGx3FOwr2-4\"><span class=\"evf-label\">Mensaje<\/span> <\/label><textarea id=\"evf-263-field_yhGx3FOwr2-4\" class=\"input-text\" name=\"everest_forms[form_fields][yhGx3FOwr2-4]\"  ><\/textarea><\/div><\/div><\/div><\/div><div class=\"evf-honeypot-container evf-field-hp\"><label for=\"evf-263-field-hp\" class=\"evf-field-label\">Comment<\/label><input type=\"text\" name=\"everest_forms[hp]\" id=\"evf-263-field-hp\" class=\"input-text\"><\/div><div class=\"evf-submit-container \" ><input type=\"hidden\" name=\"everest_forms[id]\" value=\"263\"><input type=\"hidden\" name=\"everest_forms[author]\" value=\"2\"><button type='submit' name='everest_forms[submit]' class='everest-forms-submit-button button evf-submit ' id='evf-submit-263' value='evf-submit' data-process-text=\"Procesando\u2026\" conditional_rules='&quot;&quot;' conditional_id='evf-submit-263'  id=\"evf-submit-263\" aria-live=\"assertive\">Envia<\/button><\/div><\/form><\/div><!-- .evf-container --><\/div>","protected":false},"excerpt":{"rendered":"<p>\u00bfQu\u00e9 necesitas?. Si ten\u00e9is alguna sugerencia o mejora, tambi\u00e9n es bienvenida.<\/p>\n","protected":false},"author":2,"featured_media":0,"parent":0,"menu_order":0,"comment_status":"closed","ping_status":"closed","template":"","meta":{"footnotes":""},"class_list":["post-260","page","type-page","status-publish","hentry"],"yoast_head":"<!-- This site is optimized with the Yoast SEO plugin v27.4 - https:\/\/yoast.com\/product\/yoast-seo-wordpress\/ -->\n<title>Contacto -<\/title>\n<meta name=\"description\" content=\"\u00bfQu\u00e9 necesitas?.  Si ten\u00e9is alguna sugerencia o mejora, tambi\u00e9n es bienvenida. -\" \/>\n<meta name=\"robots\" content=\"index, follow, max-snippet:-1, max-image-preview:large, max-video-preview:-1\" \/>\n<link rel=\"canonical\" href=\"https:\/\/joapen.com\/dream\/contacto\/\" \/>\n<meta property=\"og:locale\" content=\"es_ES\" \/>\n<meta property=\"og:type\" content=\"article\" \/>\n<meta property=\"og:title\" content=\"Contacto -\" \/>\n<meta property=\"og:description\" content=\"\u00bfQu\u00e9 necesitas?.  Si ten\u00e9is alguna sugerencia o mejora, tambi\u00e9n es bienvenida. -\" \/>\n<meta property=\"og:url\" content=\"https:\/\/joapen.com\/dream\/contacto\/\" \/>\n<meta property=\"article:modified_time\" content=\"2021-04-12T08:02:01+00:00\" \/>\n<meta name=\"twitter:card\" content=\"summary_large_image\" \/>\n<script type=\"application\/ld+json\" class=\"yoast-schema-graph\">{\"@context\":\"https:\\\/\\\/schema.org\",\"@graph\":[{\"@type\":\"WebPage\",\"@id\":\"https:\\\/\\\/joapen.com\\\/dream\\\/contacto\\\/\",\"url\":\"https:\\\/\\\/joapen.com\\\/dream\\\/contacto\\\/\",\"name\":\"Contacto -\",\"isPartOf\":{\"@id\":\"https:\\\/\\\/joapen.com\\\/dream\\\/#website\"},\"datePublished\":\"2020-04-28T14:58:21+00:00\",\"dateModified\":\"2021-04-12T08:02:01+00:00\",\"description\":\"\u00bfQu\u00e9 necesitas?. Si ten\u00e9is alguna sugerencia o mejora, tambi\u00e9n es bienvenida. -\",\"breadcrumb\":{\"@id\":\"https:\\\/\\\/joapen.com\\\/dream\\\/contacto\\\/#breadcrumb\"},\"inLanguage\":\"es\",\"potentialAction\":[{\"@type\":\"ReadAction\",\"target\":[\"https:\\\/\\\/joapen.com\\\/dream\\\/contacto\\\/\"]}]},{\"@type\":\"BreadcrumbList\",\"@id\":\"https:\\\/\\\/joapen.com\\\/dream\\\/contacto\\\/#breadcrumb\",\"itemListElement\":[{\"@type\":\"ListItem\",\"position\":1,\"name\":\"Portada\",\"item\":\"https:\\\/\\\/joapen.com\\\/dream\\\/\"},{\"@type\":\"ListItem\",\"position\":2,\"name\":\"Contacto\"}]},{\"@type\":\"WebSite\",\"@id\":\"https:\\\/\\\/joapen.com\\\/dream\\\/#website\",\"url\":\"https:\\\/\\\/joapen.com\\\/dream\\\/\",\"name\":\"DREAM\",\"description\":\"\",\"publisher\":{\"@id\":\"https:\\\/\\\/joapen.com\\\/dream\\\/#\\\/schema\\\/person\\\/7953b6b38ddc1a8c7faf1c99605d9dfe\"},\"potentialAction\":[{\"@type\":\"SearchAction\",\"target\":{\"@type\":\"EntryPoint\",\"urlTemplate\":\"https:\\\/\\\/joapen.com\\\/dream\\\/?s={search_term_string}\"},\"query-input\":{\"@type\":\"PropertyValueSpecification\",\"valueRequired\":true,\"valueName\":\"search_term_string\"}}],\"inLanguage\":\"es\"},{\"@type\":[\"Person\",\"Organization\"],\"@id\":\"https:\\\/\\\/joapen.com\\\/dream\\\/#\\\/schema\\\/person\\\/7953b6b38ddc1a8c7faf1c99605d9dfe\",\"name\":\"dreamer\",\"image\":{\"@type\":\"ImageObject\",\"inLanguage\":\"es\",\"@id\":\"https:\\\/\\\/joapen.com\\\/dream\\\/wp-content\\\/uploads\\\/2021\\\/03\\\/joapen-icon.jpeg\",\"url\":\"https:\\\/\\\/joapen.com\\\/dream\\\/wp-content\\\/uploads\\\/2021\\\/03\\\/joapen-icon.jpeg\",\"contentUrl\":\"https:\\\/\\\/joapen.com\\\/dream\\\/wp-content\\\/uploads\\\/2021\\\/03\\\/joapen-icon.jpeg\",\"width\":96,\"height\":96,\"caption\":\"dreamer\"},\"logo\":{\"@id\":\"https:\\\/\\\/joapen.com\\\/dream\\\/wp-content\\\/uploads\\\/2021\\\/03\\\/joapen-icon.jpeg\"},\"sameAs\":[\"http:\\\/\\\/joapen.com\\\/dream\\\/\"]}]}<\/script>\n<!-- \/ Yoast SEO plugin. -->","yoast_head_json":{"title":"Contacto -","description":"\u00bfQu\u00e9 necesitas?.  Si ten\u00e9is alguna sugerencia o mejora, tambi\u00e9n es bienvenida. -","robots":{"index":"index","follow":"follow","max-snippet":"max-snippet:-1","max-image-preview":"max-image-preview:large","max-video-preview":"max-video-preview:-1"},"canonical":"https:\/\/joapen.com\/dream\/contacto\/","og_locale":"es_ES","og_type":"article","og_title":"Contacto -","og_description":"\u00bfQu\u00e9 necesitas?.  Si ten\u00e9is alguna sugerencia o mejora, tambi\u00e9n es bienvenida. -","og_url":"https:\/\/joapen.com\/dream\/contacto\/","article_modified_time":"2021-04-12T08:02:01+00:00","twitter_card":"summary_large_image","schema":{"@context":"https:\/\/schema.org","@graph":[{"@type":"WebPage","@id":"https:\/\/joapen.com\/dream\/contacto\/","url":"https:\/\/joapen.com\/dream\/contacto\/","name":"Contacto -","isPartOf":{"@id":"https:\/\/joapen.com\/dream\/#website"},"datePublished":"2020-04-28T14:58:21+00:00","dateModified":"2021-04-12T08:02:01+00:00","description":"\u00bfQu\u00e9 necesitas?. Si ten\u00e9is alguna sugerencia o mejora, tambi\u00e9n es bienvenida. -","breadcrumb":{"@id":"https:\/\/joapen.com\/dream\/contacto\/#breadcrumb"},"inLanguage":"es","potentialAction":[{"@type":"ReadAction","target":["https:\/\/joapen.com\/dream\/contacto\/"]}]},{"@type":"BreadcrumbList","@id":"https:\/\/joapen.com\/dream\/contacto\/#breadcrumb","itemListElement":[{"@type":"ListItem","position":1,"name":"Portada","item":"https:\/\/joapen.com\/dream\/"},{"@type":"ListItem","position":2,"name":"Contacto"}]},{"@type":"WebSite","@id":"https:\/\/joapen.com\/dream\/#website","url":"https:\/\/joapen.com\/dream\/","name":"DREAM","description":"","publisher":{"@id":"https:\/\/joapen.com\/dream\/#\/schema\/person\/7953b6b38ddc1a8c7faf1c99605d9dfe"},"potentialAction":[{"@type":"SearchAction","target":{"@type":"EntryPoint","urlTemplate":"https:\/\/joapen.com\/dream\/?s={search_term_string}"},"query-input":{"@type":"PropertyValueSpecification","valueRequired":true,"valueName":"search_term_string"}}],"inLanguage":"es"},{"@type":["Person","Organization"],"@id":"https:\/\/joapen.com\/dream\/#\/schema\/person\/7953b6b38ddc1a8c7faf1c99605d9dfe","name":"dreamer","image":{"@type":"ImageObject","inLanguage":"es","@id":"https:\/\/joapen.com\/dream\/wp-content\/uploads\/2021\/03\/joapen-icon.jpeg","url":"https:\/\/joapen.com\/dream\/wp-content\/uploads\/2021\/03\/joapen-icon.jpeg","contentUrl":"https:\/\/joapen.com\/dream\/wp-content\/uploads\/2021\/03\/joapen-icon.jpeg","width":96,"height":96,"caption":"dreamer"},"logo":{"@id":"https:\/\/joapen.com\/dream\/wp-content\/uploads\/2021\/03\/joapen-icon.jpeg"},"sameAs":["http:\/\/joapen.com\/dream\/"]}]}},"_links":{"self":[{"href":"https:\/\/joapen.com\/dream\/wp-json\/wp\/v2\/pages\/260","targetHints":{"allow":["GET"]}}],"collection":[{"href":"https:\/\/joapen.com\/dream\/wp-json\/wp\/v2\/pages"}],"about":[{"href":"https:\/\/joapen.com\/dream\/wp-json\/wp\/v2\/types\/page"}],"author":[{"embeddable":true,"href":"https:\/\/joapen.com\/dream\/wp-json\/wp\/v2\/users\/2"}],"replies":[{"embeddable":true,"href":"https:\/\/joapen.com\/dream\/wp-json\/wp\/v2\/comments?post=260"}],"version-history":[{"count":4,"href":"https:\/\/joapen.com\/dream\/wp-json\/wp\/v2\/pages\/260\/revisions"}],"predecessor-version":[{"id":854,"href":"https:\/\/joapen.com\/dream\/wp-json\/wp\/v2\/pages\/260\/revisions\/854"}],"wp:attachment":[{"href":"https:\/\/joapen.com\/dream\/wp-json\/wp\/v2\/media?parent=260"}],"curies":[{"name":"wp","href":"https:\/\/api.w.org\/{rel}","templated":true}]}}