{"id":332,"date":"2020-04-30T08:42:19","date_gmt":"2020-04-30T08:42:19","guid":{"rendered":"http:\/\/joapen.com\/dream\/?page_id=332"},"modified":"2021-04-12T08:06:28","modified_gmt":"2021-04-12T08:06:28","slug":"el-autor","status":"publish","type":"page","link":"https:\/\/joapen.com\/dream\/el-autor\/","title":{"rendered":"\u00bfQui\u00e9n tuvo la ocurrencia de escribir todo esto?"},"content":{"rendered":"\n<p>Mi nombre es Joaqu\u00edn Pe\u00f1a Fern\u00e1ndez, puedes encontrarme en <a rel=\"noreferrer noopener\" href=\"https:\/\/www.linkedin.com\/in\/jpenafernand\" target=\"_blank\">LinkedIn<\/a>\u00a0o seguirme en\u00a0<a href=\"https:\/\/twitter.com\/DJoapen\" target=\"_blank\" rel=\"noreferrer noopener\">Twitter<\/a>.<\/p>\n\n\n\n<h2 class=\"wp-block-heading\">Blog y Libros<\/h2>\n\n\n\n<p class=\"has-very-dark-gray-color has-text-color\">Originalmente escribo cosas en <a href=\"http:\/\/www.joapen.com\" target=\"_blank\" rel=\"noreferrer noopener\">www.joapen.com<\/a><\/p>\n\n\n\n<p>En ese mismo sitio puedes encontrar los <a href=\"https:\/\/joapen.com\/blog\/category\/book\/\" target=\"_blank\" rel=\"noreferrer noopener\">LIBROS<\/a> que he le\u00eddo durante estos \u00faltimos a\u00f1os.<\/p>\n\n\n\n<h2 class=\"wp-block-heading\">\u00bfC\u00f3mo actualizo o incluyo contenido?<\/h2>\n\n\n\n<p>Voy a\u00f1adiendo contenido basicamente por una de estas dos razones:<\/p>\n\n\n\n<ul class=\"wp-block-list\"><li>Encuentro alguna herramienta o informaci\u00f3n que me parece \u00fatil compartir.<\/li><li>Alguien me pregunta y en vez de contestar directamente por correo, whatsapp o cualquier otro medio, pues respondo con una entrada aqu\u00ed.<\/li><\/ul>\n\n\n\n<h2 class=\"wp-block-heading\">Qu\u00e9 tipo de contenido no comparto<\/h2>\n\n\n\n<p>Mi idea es poder aportar un peque\u00f1o grano de arena en t\u00e9rminos de esquemas y rutinas, y que despu\u00e9s cada uno coja ese conocimiento y lo adapte a sus necesidades. Por eso no me creo que sea de valor compartir:<\/p>\n\n\n\n<ul class=\"wp-block-list\"><li>Mi cartera.<\/li><li>Cuales son las compras y ventas.<\/li><\/ul>\n\n\n\n<p>Cada cartera deber\u00eda estar adaptada a cada persona, sino lo mejor es indexarse con un <a href=\"https:\/\/joapen.com\/dream\/2020\/05\/13\/quiero-invertir-y-no-se-como\/\" target=\"_blank\" rel=\"noreferrer noopener\">ETF<\/a>.<\/p>\n","protected":false},"excerpt":{"rendered":"<p>Mi nombre es Joaqu\u00edn Pe\u00f1a Fern\u00e1ndez, puedes encontrarme en LinkedIn\u00a0o seguirme en\u00a0Twitter. Blog y Libros&#8230;<\/p>\n","protected":false},"author":2,"featured_media":729,"parent":0,"menu_order":0,"comment_status":"closed","ping_status":"closed","template":"","meta":{"footnotes":""},"class_list":["post-332","page","type-page","status-publish","has-post-thumbnail","hentry"],"yoast_head":"<!-- This site is optimized with the Yoast SEO plugin v27.3 - https:\/\/yoast.com\/product\/yoast-seo-wordpress\/ -->\n<title>\u00bfQui\u00e9n tuvo la ocurrencia de escribir todo esto? -<\/title>\n<meta name=\"description\" content=\"Mi nombre es Joaqu\u00edn Pe\u00f1a Fern\u00e1ndez, puedes encontrarme en LinkedIn\u00a0o seguirme en\u00a0Twitter. Blog y Libros Originalmente escribo cosas en www.joapen.com En -\" \/>\n<meta name=\"robots\" content=\"index, follow, max-snippet:-1, max-image-preview:large, max-video-preview:-1\" \/>\n<link rel=\"canonical\" href=\"http:\/\/joapen.com\/dream\/el-autor\/\" \/>\n<meta property=\"og:locale\" content=\"es_ES\" \/>\n<meta property=\"og:type\" content=\"article\" \/>\n<meta property=\"og:title\" content=\"\u00bfQui\u00e9n tuvo la ocurrencia de escribir todo esto? -\" \/>\n<meta property=\"og:description\" content=\"Mi nombre es Joaqu\u00edn Pe\u00f1a Fern\u00e1ndez, puedes encontrarme en LinkedIn\u00a0o seguirme en\u00a0Twitter. Blog y Libros Originalmente escribo cosas en www.joapen.com En -\" \/>\n<meta property=\"og:url\" content=\"http:\/\/joapen.com\/dream\/el-autor\/\" \/>\n<meta property=\"article:modified_time\" content=\"2021-04-12T08:06:28+00:00\" \/>\n<meta property=\"og:image\" content=\"http:\/\/joapen.com\/dream\/wp-content\/uploads\/2021\/03\/joapen-icon.jpeg\" \/>\n\t<meta property=\"og:image:width\" content=\"96\" \/>\n\t<meta property=\"og:image:height\" content=\"96\" \/>\n\t<meta property=\"og:image:type\" content=\"image\/jpeg\" \/>\n<meta name=\"twitter:card\" content=\"summary_large_image\" \/>\n<script type=\"application\/ld+json\" class=\"yoast-schema-graph\">{\"@context\":\"https:\\\/\\\/schema.org\",\"@graph\":[{\"@type\":\"WebPage\",\"@id\":\"http:\\\/\\\/joapen.com\\\/dream\\\/el-autor\\\/\",\"url\":\"http:\\\/\\\/joapen.com\\\/dream\\\/el-autor\\\/\",\"name\":\"\u00bfQui\u00e9n tuvo la ocurrencia de escribir todo esto? -\",\"isPartOf\":{\"@id\":\"http:\\\/\\\/joapen.com\\\/dream\\\/#website\"},\"primaryImageOfPage\":{\"@id\":\"http:\\\/\\\/joapen.com\\\/dream\\\/el-autor\\\/#primaryimage\"},\"image\":{\"@id\":\"http:\\\/\\\/joapen.com\\\/dream\\\/el-autor\\\/#primaryimage\"},\"thumbnailUrl\":\"https:\\\/\\\/joapen.com\\\/dream\\\/wp-content\\\/uploads\\\/2021\\\/03\\\/joapen-icon.jpeg\",\"datePublished\":\"2020-04-30T08:42:19+00:00\",\"dateModified\":\"2021-04-12T08:06:28+00:00\",\"description\":\"Mi nombre es Joaqu\u00edn Pe\u00f1a Fern\u00e1ndez, puedes encontrarme en LinkedIn\u00a0o seguirme en\u00a0Twitter. Blog y Libros Originalmente escribo cosas en www.joapen.com En -\",\"breadcrumb\":{\"@id\":\"http:\\\/\\\/joapen.com\\\/dream\\\/el-autor\\\/#breadcrumb\"},\"inLanguage\":\"es\",\"potentialAction\":[{\"@type\":\"ReadAction\",\"target\":[\"http:\\\/\\\/joapen.com\\\/dream\\\/el-autor\\\/\"]}]},{\"@type\":\"ImageObject\",\"inLanguage\":\"es\",\"@id\":\"http:\\\/\\\/joapen.com\\\/dream\\\/el-autor\\\/#primaryimage\",\"url\":\"https:\\\/\\\/joapen.com\\\/dream\\\/wp-content\\\/uploads\\\/2021\\\/03\\\/joapen-icon.jpeg\",\"contentUrl\":\"https:\\\/\\\/joapen.com\\\/dream\\\/wp-content\\\/uploads\\\/2021\\\/03\\\/joapen-icon.jpeg\",\"width\":96,\"height\":96},{\"@type\":\"BreadcrumbList\",\"@id\":\"http:\\\/\\\/joapen.com\\\/dream\\\/el-autor\\\/#breadcrumb\",\"itemListElement\":[{\"@type\":\"ListItem\",\"position\":1,\"name\":\"Portada\",\"item\":\"http:\\\/\\\/joapen.com\\\/dream\\\/\"},{\"@type\":\"ListItem\",\"position\":2,\"name\":\"\u00bfQui\u00e9n tuvo la ocurrencia de escribir todo esto?\"}]},{\"@type\":\"WebSite\",\"@id\":\"http:\\\/\\\/joapen.com\\\/dream\\\/#website\",\"url\":\"http:\\\/\\\/joapen.com\\\/dream\\\/\",\"name\":\"DREAM\",\"description\":\"\",\"publisher\":{\"@id\":\"http:\\\/\\\/joapen.com\\\/dream\\\/#\\\/schema\\\/person\\\/7953b6b38ddc1a8c7faf1c99605d9dfe\"},\"potentialAction\":[{\"@type\":\"SearchAction\",\"target\":{\"@type\":\"EntryPoint\",\"urlTemplate\":\"http:\\\/\\\/joapen.com\\\/dream\\\/?s={search_term_string}\"},\"query-input\":{\"@type\":\"PropertyValueSpecification\",\"valueRequired\":true,\"valueName\":\"search_term_string\"}}],\"inLanguage\":\"es\"},{\"@type\":[\"Person\",\"Organization\"],\"@id\":\"http:\\\/\\\/joapen.com\\\/dream\\\/#\\\/schema\\\/person\\\/7953b6b38ddc1a8c7faf1c99605d9dfe\",\"name\":\"dreamer\",\"image\":{\"@type\":\"ImageObject\",\"inLanguage\":\"es\",\"@id\":\"https:\\\/\\\/joapen.com\\\/dream\\\/wp-content\\\/uploads\\\/2021\\\/03\\\/joapen-icon.jpeg\",\"url\":\"https:\\\/\\\/joapen.com\\\/dream\\\/wp-content\\\/uploads\\\/2021\\\/03\\\/joapen-icon.jpeg\",\"contentUrl\":\"https:\\\/\\\/joapen.com\\\/dream\\\/wp-content\\\/uploads\\\/2021\\\/03\\\/joapen-icon.jpeg\",\"width\":96,\"height\":96,\"caption\":\"dreamer\"},\"logo\":{\"@id\":\"https:\\\/\\\/joapen.com\\\/dream\\\/wp-content\\\/uploads\\\/2021\\\/03\\\/joapen-icon.jpeg\"},\"sameAs\":[\"http:\\\/\\\/joapen.com\\\/dream\\\/\"]}]}<\/script>\n<!-- \/ Yoast SEO plugin. -->","yoast_head_json":{"title":"\u00bfQui\u00e9n tuvo la ocurrencia de escribir todo esto? -","description":"Mi nombre es Joaqu\u00edn Pe\u00f1a Fern\u00e1ndez, puedes encontrarme en LinkedIn\u00a0o seguirme en\u00a0Twitter. Blog y Libros Originalmente escribo cosas en www.joapen.com En -","robots":{"index":"index","follow":"follow","max-snippet":"max-snippet:-1","max-image-preview":"max-image-preview:large","max-video-preview":"max-video-preview:-1"},"canonical":"http:\/\/joapen.com\/dream\/el-autor\/","og_locale":"es_ES","og_type":"article","og_title":"\u00bfQui\u00e9n tuvo la ocurrencia de escribir todo esto? -","og_description":"Mi nombre es Joaqu\u00edn Pe\u00f1a Fern\u00e1ndez, puedes encontrarme en LinkedIn\u00a0o seguirme en\u00a0Twitter. Blog y Libros Originalmente escribo cosas en www.joapen.com En -","og_url":"http:\/\/joapen.com\/dream\/el-autor\/","article_modified_time":"2021-04-12T08:06:28+00:00","og_image":[{"width":96,"height":96,"url":"http:\/\/joapen.com\/dream\/wp-content\/uploads\/2021\/03\/joapen-icon.jpeg","type":"image\/jpeg"}],"twitter_card":"summary_large_image","schema":{"@context":"https:\/\/schema.org","@graph":[{"@type":"WebPage","@id":"http:\/\/joapen.com\/dream\/el-autor\/","url":"http:\/\/joapen.com\/dream\/el-autor\/","name":"\u00bfQui\u00e9n tuvo la ocurrencia de escribir todo esto? -","isPartOf":{"@id":"http:\/\/joapen.com\/dream\/#website"},"primaryImageOfPage":{"@id":"http:\/\/joapen.com\/dream\/el-autor\/#primaryimage"},"image":{"@id":"http:\/\/joapen.com\/dream\/el-autor\/#primaryimage"},"thumbnailUrl":"https:\/\/joapen.com\/dream\/wp-content\/uploads\/2021\/03\/joapen-icon.jpeg","datePublished":"2020-04-30T08:42:19+00:00","dateModified":"2021-04-12T08:06:28+00:00","description":"Mi nombre es Joaqu\u00edn Pe\u00f1a Fern\u00e1ndez, puedes encontrarme en LinkedIn\u00a0o seguirme en\u00a0Twitter. Blog y Libros Originalmente escribo cosas en www.joapen.com En -","breadcrumb":{"@id":"http:\/\/joapen.com\/dream\/el-autor\/#breadcrumb"},"inLanguage":"es","potentialAction":[{"@type":"ReadAction","target":["http:\/\/joapen.com\/dream\/el-autor\/"]}]},{"@type":"ImageObject","inLanguage":"es","@id":"http:\/\/joapen.com\/dream\/el-autor\/#primaryimage","url":"https:\/\/joapen.com\/dream\/wp-content\/uploads\/2021\/03\/joapen-icon.jpeg","contentUrl":"https:\/\/joapen.com\/dream\/wp-content\/uploads\/2021\/03\/joapen-icon.jpeg","width":96,"height":96},{"@type":"BreadcrumbList","@id":"http:\/\/joapen.com\/dream\/el-autor\/#breadcrumb","itemListElement":[{"@type":"ListItem","position":1,"name":"Portada","item":"http:\/\/joapen.com\/dream\/"},{"@type":"ListItem","position":2,"name":"\u00bfQui\u00e9n tuvo la ocurrencia de escribir todo esto?"}]},{"@type":"WebSite","@id":"http:\/\/joapen.com\/dream\/#website","url":"http:\/\/joapen.com\/dream\/","name":"DREAM","description":"","publisher":{"@id":"http:\/\/joapen.com\/dream\/#\/schema\/person\/7953b6b38ddc1a8c7faf1c99605d9dfe"},"potentialAction":[{"@type":"SearchAction","target":{"@type":"EntryPoint","urlTemplate":"http:\/\/joapen.com\/dream\/?s={search_term_string}"},"query-input":{"@type":"PropertyValueSpecification","valueRequired":true,"valueName":"search_term_string"}}],"inLanguage":"es"},{"@type":["Person","Organization"],"@id":"http:\/\/joapen.com\/dream\/#\/schema\/person\/7953b6b38ddc1a8c7faf1c99605d9dfe","name":"dreamer","image":{"@type":"ImageObject","inLanguage":"es","@id":"https:\/\/joapen.com\/dream\/wp-content\/uploads\/2021\/03\/joapen-icon.jpeg","url":"https:\/\/joapen.com\/dream\/wp-content\/uploads\/2021\/03\/joapen-icon.jpeg","contentUrl":"https:\/\/joapen.com\/dream\/wp-content\/uploads\/2021\/03\/joapen-icon.jpeg","width":96,"height":96,"caption":"dreamer"},"logo":{"@id":"https:\/\/joapen.com\/dream\/wp-content\/uploads\/2021\/03\/joapen-icon.jpeg"},"sameAs":["http:\/\/joapen.com\/dream\/"]}]}},"_links":{"self":[{"href":"https:\/\/joapen.com\/dream\/wp-json\/wp\/v2\/pages\/332","targetHints":{"allow":["GET"]}}],"collection":[{"href":"https:\/\/joapen.com\/dream\/wp-json\/wp\/v2\/pages"}],"about":[{"href":"https:\/\/joapen.com\/dream\/wp-json\/wp\/v2\/types\/page"}],"author":[{"embeddable":true,"href":"https:\/\/joapen.com\/dream\/wp-json\/wp\/v2\/users\/2"}],"replies":[{"embeddable":true,"href":"https:\/\/joapen.com\/dream\/wp-json\/wp\/v2\/comments?post=332"}],"version-history":[{"count":11,"href":"https:\/\/joapen.com\/dream\/wp-json\/wp\/v2\/pages\/332\/revisions"}],"predecessor-version":[{"id":856,"href":"https:\/\/joapen.com\/dream\/wp-json\/wp\/v2\/pages\/332\/revisions\/856"}],"wp:featuredmedia":[{"embeddable":true,"href":"https:\/\/joapen.com\/dream\/wp-json\/wp\/v2\/media\/729"}],"wp:attachment":[{"href":"https:\/\/joapen.com\/dream\/wp-json\/wp\/v2\/media?parent=332"}],"curies":[{"name":"wp","href":"https:\/\/api.w.org\/{rel}","templated":true}]}}