{"id":1077,"date":"2024-04-02T20:39:51","date_gmt":"2024-04-02T20:39:51","guid":{"rendered":"https:\/\/joapen.com\/store\/product\/taza-para-topografos\/"},"modified":"2025-09-27T02:38:17","modified_gmt":"2025-09-27T02:38:17","slug":"taza-para-topografos","status":"publish","type":"product","link":"https:\/\/joapen.com\/store\/product\/taza-para-topografos\/","title":{"rendered":"Taza para top\u00f3grafos"},"content":{"rendered":"<p>Tanto si est\u00e1s tomando tu primer caf\u00e9 del d\u00eda o el quinto, esta taza es la ideal para ti. Es robusta y brillante con un dibujo v\u00edvido que resistir\u00e1 al microondas y al lavavajillas.<\/p>\n<p>\u2022 Cer\u00e1mica<br \/>\n\u2022 Dimensiones de la taza de 11 oz: Altura de 9,6 cm (3,8\u2033), di\u00e1metro de 8,2 cm (3,2\u2033)<br \/>\n\u2022 Apta para su uso en lavavajillas y microondas<br \/>\n\u2022 Producto base procedente de China<\/p>\n","protected":false},"excerpt":{"rendered":"<p>Tanto si est\u00e1s tomando tu primer caf\u00e9 del d\u00eda o el quinto, esta taza es la ideal para ti. Es robusta y brillante con un dibujo v\u00edvido que resistir\u00e1 al microondas y al lavavajillas. \u2022 Cer\u00e1mica \u2022 Dimensiones de la taza de 11 oz: Altura de 9,6 cm (3,8\u2033), di\u00e1metro de 8,2 cm (3,2\u2033) \u2022 &#8230; <a title=\"Taza para top\u00f3grafos\" class=\"read-more\" href=\"https:\/\/joapen.com\/store\/product\/taza-para-topografos\/\" aria-label=\"Read more about Taza para top\u00f3grafos\">Read more<\/a><\/p>\n","protected":false},"featured_media":1078,"comment_status":"open","ping_status":"closed","template":"","meta":[],"product_brand":[],"product_cat":[67],"product_tag":[],"class_list":{"0":"post-1077","1":"product","2":"type-product","3":"status-publish","4":"has-post-thumbnail","6":"product_cat-mapas","8":"first","9":"instock","10":"taxable","11":"shipping-taxable","12":"purchasable","13":"product-type-simple"},"_links":{"self":[{"href":"https:\/\/joapen.com\/store\/wp-json\/wp\/v2\/product\/1077","targetHints":{"allow":["GET"]}}],"collection":[{"href":"https:\/\/joapen.com\/store\/wp-json\/wp\/v2\/product"}],"about":[{"href":"https:\/\/joapen.com\/store\/wp-json\/wp\/v2\/types\/product"}],"replies":[{"embeddable":true,"href":"https:\/\/joapen.com\/store\/wp-json\/wp\/v2\/comments?post=1077"}],"wp:featuredmedia":[{"embeddable":true,"href":"https:\/\/joapen.com\/store\/wp-json\/wp\/v2\/media\/1078"}],"wp:attachment":[{"href":"https:\/\/joapen.com\/store\/wp-json\/wp\/v2\/media?parent=1077"}],"wp:term":[{"taxonomy":"product_brand","embeddable":true,"href":"https:\/\/joapen.com\/store\/wp-json\/wp\/v2\/product_brand?post=1077"},{"taxonomy":"product_cat","embeddable":true,"href":"https:\/\/joapen.com\/store\/wp-json\/wp\/v2\/product_cat?post=1077"},{"taxonomy":"product_tag","embeddable":true,"href":"https:\/\/joapen.com\/store\/wp-json\/wp\/v2\/product_tag?post=1077"}],"curies":[{"name":"wp","href":"https:\/\/api.w.org\/{rel}","templated":true}]}}