{"id":43,"date":"2021-12-01T15:20:42","date_gmt":"2021-12-01T15:20:42","guid":{"rendered":"https:\/\/joapen.com\/store\/?post_type=product&#038;p=43"},"modified":"2025-08-11T01:27:48","modified_gmt":"2025-08-11T01:27:48","slug":"buy-me-a-coffee","status":"publish","type":"product","link":"https:\/\/joapen.com\/store\/product\/buy-me-a-coffee\/","title":{"rendered":"Buy me a coffee"},"content":{"rendered":"<p>Hello \ud83d\udc4b, if the content I created is useful for you, and you want to invite me to a coffee, it&#8217;s more than welcome!!<\/p>\n<p>Hola \ud83d\udc4b, Si el contenido que cre\u00e9 te es \u00fatil y quieres invitarme a un caf\u00e9, \u00a1\u00a1es m\u00e1s que bienvenido !!<\/p>\n","protected":false},"excerpt":{"rendered":"<p>Thank you for contributing with a coffee, it&#8217;s a greatful way to say thanks to a coffee lover as me.<\/p>\n<p>&nbsp;<\/p>\n<p>Muchas gracias por contribuir con un caf\u00e9, es una forma de agradecimiento muy agradable para un amante del caf\u00e9.<\/p>\n","protected":false},"featured_media":26,"comment_status":"open","ping_status":"closed","template":"","meta":[],"product_brand":[],"product_cat":[18],"product_tag":[],"class_list":{"0":"post-43","1":"product","2":"type-product","3":"status-publish","4":"has-post-thumbnail","6":"product_cat-otros","8":"first","9":"instock","10":"downloadable","11":"purchasable","12":"product-type-simple"},"_links":{"self":[{"href":"https:\/\/joapen.com\/store\/wp-json\/wp\/v2\/product\/43","targetHints":{"allow":["GET"]}}],"collection":[{"href":"https:\/\/joapen.com\/store\/wp-json\/wp\/v2\/product"}],"about":[{"href":"https:\/\/joapen.com\/store\/wp-json\/wp\/v2\/types\/product"}],"replies":[{"embeddable":true,"href":"https:\/\/joapen.com\/store\/wp-json\/wp\/v2\/comments?post=43"}],"wp:featuredmedia":[{"embeddable":true,"href":"https:\/\/joapen.com\/store\/wp-json\/wp\/v2\/media\/26"}],"wp:attachment":[{"href":"https:\/\/joapen.com\/store\/wp-json\/wp\/v2\/media?parent=43"}],"wp:term":[{"taxonomy":"product_brand","embeddable":true,"href":"https:\/\/joapen.com\/store\/wp-json\/wp\/v2\/product_brand?post=43"},{"taxonomy":"product_cat","embeddable":true,"href":"https:\/\/joapen.com\/store\/wp-json\/wp\/v2\/product_cat?post=43"},{"taxonomy":"product_tag","embeddable":true,"href":"https:\/\/joapen.com\/store\/wp-json\/wp\/v2\/product_tag?post=43"}],"curies":[{"name":"wp","href":"https:\/\/api.w.org\/{rel}","templated":true}]}}