{"id":482,"date":"2022-09-16T10:32:41","date_gmt":"2022-09-16T10:32:41","guid":{"rendered":"https:\/\/joapen.com\/store\/product\/ser-agil-vs-usar-metodos-agiles-camiseta-unisex\/"},"modified":"2025-04-28T00:41:38","modified_gmt":"2025-04-28T00:41:38","slug":"ser-agil-vs-usar-metodos-agiles-camiseta-unisex","status":"publish","type":"product","link":"https:\/\/joapen.com\/store\/product\/ser-agil-vs-usar-metodos-agiles-camiseta-unisex\/","title":{"rendered":"Ser \u00e1gil Vs usar m\u00e9todos \u00e1giles &#8211; camiseta unisex"},"content":{"rendered":"<p>Esta camiseta se ha hecho para fomentar momentos divertidos a tu alrededor y para conversar sobre cosas interesantes.<\/p>\n<p>Se siente suave y liviano, con la cantidad adecuada de elasticidad. Es c\u00f3modo y favorecedor para todos.<\/p>\n<p>\u2022 100 % algod\u00f3n peinado e hilado en anillo (los colores jaspeados contienen poli\u00e9ster)<br \/>\n\u2022 Peso de la tela: 4,2 oz\/yd\u00b2 (142 g\/m\u00b2)<br \/>\n\u2022 Tela preencogida<br \/>\n\u2022 Construcci\u00f3n con costuras laterales<br \/>\n\u2022 Cinta de hombro a hombro<br \/>\n\u2022 Producto en blanco procedente de Guatemala, Nicaragua, M\u00e9xico, Honduras o EE. UU.<\/p>\n","protected":false},"excerpt":{"rendered":"<p>Esta camiseta se ha hecho para fomentar momentos divertidos a tu alrededor y para conversar sobre cosas interesantes. Se siente suave y liviano, con la cantidad adecuada de elasticidad. Es c\u00f3modo y favorecedor para todos. \u2022 100 % algod\u00f3n peinado e hilado en anillo (los colores jaspeados contienen poli\u00e9ster) \u2022 Peso de la tela: 4,2 &#8230; <a title=\"Ser \u00e1gil Vs usar m\u00e9todos \u00e1giles &#8211; camiseta unisex\" class=\"read-more\" href=\"https:\/\/joapen.com\/store\/product\/ser-agil-vs-usar-metodos-agiles-camiseta-unisex\/\" aria-label=\"Read more about Ser \u00e1gil Vs usar m\u00e9todos \u00e1giles &#8211; camiseta unisex\">Read more<\/a><\/p>\n","protected":false},"featured_media":565,"comment_status":"open","ping_status":"closed","template":"","meta":[],"product_brand":[],"product_cat":[19],"product_tag":[],"class_list":{"0":"post-482","1":"product","2":"type-product","3":"status-publish","4":"has-post-thumbnail","6":"product_cat-map-or-die","8":"first","9":"instock","10":"taxable","11":"shipping-taxable","12":"purchasable","13":"product-type-variable"},"_links":{"self":[{"href":"https:\/\/joapen.com\/store\/wp-json\/wp\/v2\/product\/482","targetHints":{"allow":["GET"]}}],"collection":[{"href":"https:\/\/joapen.com\/store\/wp-json\/wp\/v2\/product"}],"about":[{"href":"https:\/\/joapen.com\/store\/wp-json\/wp\/v2\/types\/product"}],"replies":[{"embeddable":true,"href":"https:\/\/joapen.com\/store\/wp-json\/wp\/v2\/comments?post=482"}],"wp:featuredmedia":[{"embeddable":true,"href":"https:\/\/joapen.com\/store\/wp-json\/wp\/v2\/media\/565"}],"wp:attachment":[{"href":"https:\/\/joapen.com\/store\/wp-json\/wp\/v2\/media?parent=482"}],"wp:term":[{"taxonomy":"product_brand","embeddable":true,"href":"https:\/\/joapen.com\/store\/wp-json\/wp\/v2\/product_brand?post=482"},{"taxonomy":"product_cat","embeddable":true,"href":"https:\/\/joapen.com\/store\/wp-json\/wp\/v2\/product_cat?post=482"},{"taxonomy":"product_tag","embeddable":true,"href":"https:\/\/joapen.com\/store\/wp-json\/wp\/v2\/product_tag?post=482"}],"curies":[{"name":"wp","href":"https:\/\/api.w.org\/{rel}","templated":true}]}}