{"id":624,"date":"2023-03-16T20:51:28","date_gmt":"2023-03-16T20:51:28","guid":{"rendered":"https:\/\/joapen.com\/store\/?post_type=product&#038;p=624"},"modified":"2026-04-11T18:46:06","modified_gmt":"2026-04-11T18:46:06","slug":"cuaderno-de-trabajo-para-dibujar-estrategias-metodo-y-practica-para-la-estrategia-empresarial","status":"publish","type":"product","link":"https:\/\/joapen.com\/store\/product\/cuaderno-de-trabajo-para-dibujar-estrategias-metodo-y-practica-para-la-estrategia-empresarial\/","title":{"rendered":"Cuaderno de trabajo para dibujar estrategias, M\u00e9todo y pr\u00e1ctica para la estrategia empresarial"},"content":{"rendered":"<p>El cuaderno para dibujar estrategias contiene informaci\u00f3n de como definir estrategias con la ayuda de los mapas de Wardley.<\/p>\n<p><a href=\"https:\/\/youtu.be\/V8MdZTaNTRc\" target=\"_blank\" rel=\"noopener\">Video<\/a> (5 min) donde explico a quien va dirigido el libro.<\/p>\n<p>Dibujar mapas de Wardley es relativamente sencillo, pero si se quiere llevar a cabo la definici\u00f3n de una estrategia comprendiendo bien el contexto, los factores externos, las jugadas que podemos o nuestros competidores pueden poner en marcha, entonces e bueno conocer en detalle todos los componentes propuestos por Simon Wardley.<\/p>\n<p>Existen muchas metodolog\u00edas propietarias que tratan los aspectos estrat\u00e9gicos de una manera muy enfocada y encorsetada, lo cual no da opci\u00f3n a ir ajustando la toma de decisiones conforme las cosas evolucionan. En el caso de las herramientas propuestas aqu\u00ed, son todas de uso gen\u00e9rico y se pueden adaptar a muchos contextos.<\/p>\n<p>El cuaderno revisa los conceptos b\u00e1sicos de los mapas: el usuario, sus necesidades, los patrones clim\u00e1ticos, las doctrinas y las jugadas. Despu\u00e9s describo como crear una estrategia, a\u00f1ado unos ejemplos en distintos contextos, y por \u00faltimo reviso otros marcos de trabajo que aportan otras perspectivas sobre la estrategia.<\/p>\n<p>El libro tiene mucho contenido orientado a mapeadores experimentados que est\u00e9n dispuestos a ir m\u00e1s all\u00e1 de lo b\u00e1sico.<\/p>\n<p>El formato de cuaderno trata de ser visual y para que el lector tambi\u00e9n dibuje y tome sus notas. Yo en muchos de los conceptos tengo memorizado ejemplos que me recuerdan como funcionan cada uno de ellos. Los uso durante la explicaci\u00f3n de los conceptos, pero esto es algo que es mejor que cada uno aporte sus ejemplos con respecto a su c\u00edrculo de competencia y experiencia.<\/p>\n<p>Los mapas de Wardley se pueden usar en organizaciones de cualquier tama\u00f1o o industria. Son de aplicaci\u00f3n universal en la empresa y\/o organizaciones dentro de empresas.<\/p>\n<p>Hay empresas muy conocidas que usan los mapas de Wardley y otros marcos de trabajo mencionados en este cuaderno: Departamento de estad\u00edstica de las Naciones Unidas, Royal Statistical society, The London School of Economics and Politics, NHS, Liberty Mutual, DXC Technology, Amazon Web Services, Shopify, Accenture, Anaconda, Unity&#8230;.<\/p>\n","protected":false},"excerpt":{"rendered":"<p>Contiene informaci\u00f3n de como definir estrategias con la ayuda de los mapas de Wardley.<\/p>\n<ul>\n<li>Conceptos b\u00e1sicos de los mapas: el usuario, sus necesidades, los patrones clim\u00e1ticos, las doctrinas y las jugadas.<\/li>\n<li>C\u00f3mo crear una estrategia,<\/li>\n<li>Ejemplos en distintos contextos,<\/li>\n<li>Otros marcos de trabajo estrat\u00e9gicos<\/li>\n<li>Conceptos y pr\u00e1cticas m\u00e1s all\u00e1 de lo b\u00e1sico<\/li>\n<\/ul>\n<p>El libro tiene mucho contenido orientado a mapeadores experimentados que est\u00e9n dispuestos a ir m\u00e1s all\u00e1 de lo b\u00e1sico.<\/p>\n<p>Formato visual.<\/p>\n","protected":false},"featured_media":626,"comment_status":"open","ping_status":"closed","template":"","meta":[],"product_brand":[],"product_cat":[67],"product_tag":[66,65],"class_list":{"0":"post-624","1":"product","2":"type-product","3":"status-publish","4":"has-post-thumbnail","6":"product_cat-mapas","7":"product_tag-estrategia","8":"product_tag-libro","10":"first","11":"instock","12":"downloadable","13":"purchasable","14":"product-type-simple"},"_links":{"self":[{"href":"https:\/\/joapen.com\/store\/wp-json\/wp\/v2\/product\/624","targetHints":{"allow":["GET"]}}],"collection":[{"href":"https:\/\/joapen.com\/store\/wp-json\/wp\/v2\/product"}],"about":[{"href":"https:\/\/joapen.com\/store\/wp-json\/wp\/v2\/types\/product"}],"replies":[{"embeddable":true,"href":"https:\/\/joapen.com\/store\/wp-json\/wp\/v2\/comments?post=624"}],"wp:featuredmedia":[{"embeddable":true,"href":"https:\/\/joapen.com\/store\/wp-json\/wp\/v2\/media\/626"}],"wp:attachment":[{"href":"https:\/\/joapen.com\/store\/wp-json\/wp\/v2\/media?parent=624"}],"wp:term":[{"taxonomy":"product_brand","embeddable":true,"href":"https:\/\/joapen.com\/store\/wp-json\/wp\/v2\/product_brand?post=624"},{"taxonomy":"product_cat","embeddable":true,"href":"https:\/\/joapen.com\/store\/wp-json\/wp\/v2\/product_cat?post=624"},{"taxonomy":"product_tag","embeddable":true,"href":"https:\/\/joapen.com\/store\/wp-json\/wp\/v2\/product_tag?post=624"}],"curies":[{"name":"wp","href":"https:\/\/api.w.org\/{rel}","templated":true}]}}