{"id":630,"date":"2023-03-25T16:48:58","date_gmt":"2023-03-25T16:48:58","guid":{"rendered":"https:\/\/joapen.com\/store\/?post_type=product&#038;p=630"},"modified":"2023-03-26T15:14:31","modified_gmt":"2023-03-26T15:14:31","slug":"curso-de-mapas-de-wardley-cinturon-blanco","status":"publish","type":"product","link":"https:\/\/joapen.com\/store\/product\/curso-de-mapas-de-wardley-cinturon-blanco\/","title":{"rendered":"Curso de Mapas de Wardley &#8220;Cintur\u00f3n blanco&#8221;"},"content":{"rendered":"<p>Esta es la p\u00e1gina para apuntarse al curso <a href=\"https:\/\/mapasdewardley.com\/estrategia\/acelera-tu-aprendizaje\/\" target=\"_blank\" rel=\"noopener\">&#8220;Acelera tu aprendizaje&#8221;<\/a>, en su opci\u00f3n cintur\u00f3n blanco.<\/p>\n<p><span style=\"text-decoration: underline;\">Ind\u00edcame en los comentarios<\/span> la siguiente informaci\u00f3n:<\/p>\n<ul>\n<li>Cuando quieres empezar.<\/li>\n<li>Una direcci\u00f3n de correo de Gmail.<\/li>\n<\/ul>\n<p>Una vez hayas completado la compra del curso Joaqu\u00edn se pondr\u00e1 en contacto contigo para concretar algunos aspectos de las sesiones.<\/p>\n<p>Si necesitas m\u00e1s informaci\u00f3n, escr\u00edbeme (<a href=\"mailto:mapasdewardley@gmail.com\" target=\"_blank\" rel=\"noreferrer noopener\">mapasdewardley@gmail.com<\/a>).<\/p>\n","protected":false},"excerpt":{"rendered":"<p>Esta es la p\u00e1gina para apuntarse al curso &#8220;Acelera tu aprendizaje&#8221;, en su opci\u00f3n cintur\u00f3n blanco. Ind\u00edcame en los comentarios la siguiente informaci\u00f3n: Cuando quieres empezar. Una direcci\u00f3n de correo de Gmail. Una vez hayas completado la compra del curso Joaqu\u00edn se pondr\u00e1 en contacto contigo para concretar algunos aspectos de las sesiones. Si necesitas &#8230; <a title=\"Curso de Mapas de Wardley &#8220;Cintur\u00f3n blanco&#8221;\" class=\"read-more\" href=\"https:\/\/joapen.com\/store\/product\/curso-de-mapas-de-wardley-cinturon-blanco\/\" aria-label=\"Read more about Curso de Mapas de Wardley &#8220;Cintur\u00f3n blanco&#8221;\">Read more<\/a><\/p>\n","protected":false},"featured_media":632,"comment_status":"open","ping_status":"closed","template":"","meta":[],"product_brand":[],"product_cat":[67],"product_tag":[],"class_list":{"0":"post-630","1":"product","2":"type-product","3":"status-publish","4":"has-post-thumbnail","6":"product_cat-mapas","8":"first","9":"instock","10":"purchasable","11":"product-type-simple"},"_links":{"self":[{"href":"https:\/\/joapen.com\/store\/wp-json\/wp\/v2\/product\/630","targetHints":{"allow":["GET"]}}],"collection":[{"href":"https:\/\/joapen.com\/store\/wp-json\/wp\/v2\/product"}],"about":[{"href":"https:\/\/joapen.com\/store\/wp-json\/wp\/v2\/types\/product"}],"replies":[{"embeddable":true,"href":"https:\/\/joapen.com\/store\/wp-json\/wp\/v2\/comments?post=630"}],"wp:featuredmedia":[{"embeddable":true,"href":"https:\/\/joapen.com\/store\/wp-json\/wp\/v2\/media\/632"}],"wp:attachment":[{"href":"https:\/\/joapen.com\/store\/wp-json\/wp\/v2\/media?parent=630"}],"wp:term":[{"taxonomy":"product_brand","embeddable":true,"href":"https:\/\/joapen.com\/store\/wp-json\/wp\/v2\/product_brand?post=630"},{"taxonomy":"product_cat","embeddable":true,"href":"https:\/\/joapen.com\/store\/wp-json\/wp\/v2\/product_cat?post=630"},{"taxonomy":"product_tag","embeddable":true,"href":"https:\/\/joapen.com\/store\/wp-json\/wp\/v2\/product_tag?post=630"}],"curies":[{"name":"wp","href":"https:\/\/api.w.org\/{rel}","templated":true}]}}